{"id":49,"date":"2022-04-14T12:25:13","date_gmt":"2022-04-14T10:25:13","guid":{"rendered":"http:\/\/nausikaa.net\/?page_id=49"},"modified":"2025-09-15T13:54:48","modified_gmt":"2025-09-15T11:54:48","slug":"a-propos","status":"publish","type":"page","link":"https:\/\/nausikaa.net\/","title":{"rendered":"A propos"},"content":{"rendered":"\n<div class=\"wp-block-columns are-vertically-aligned-center is-layout-flex wp-container-core-columns-is-layout-9d6595d7 wp-block-columns-is-layout-flex\">\n<div class=\"wp-block-column is-layout-flow wp-block-column-is-layout-flow\" style=\"flex-basis:66.66%\">\n<p><img loading=\"lazy\" decoding=\"async\" width=\"50\" height=\"50\" class=\"wp-image-314\" style=\"width: 50px;\" src=\"https:\/\/nausikaa.net\/wp-content\/uploads\/New-Caledonia-Flag-icon.png\" alt=\"\" srcset=\"https:\/\/nausikaa.net\/wp-content\/uploads\/New-Caledonia-Flag-icon.png 256w, https:\/\/nausikaa.net\/wp-content\/uploads\/New-Caledonia-Flag-icon-150x150.png 150w\" sizes=\"auto, (max-width: 50px) 100vw, 50px\" \/> Ce site h\u00e9berge divers simulateurs interactifs permettant d&#8217;exp\u00e9rimenter et de comprendre des ph\u00e9nom\u00e8nes sociaux vari\u00e9s.<\/p>\n\n\n\n<ul class=\"wp-block-list\">\n<li>Derniers posts : <a rel=\"noreferrer noopener\" href=\"https:\/\/nausikaa.net\/index.php\/simulations-interactives\/\" data-type=\"URL\" data-id=\"https:\/\/nausikaa.net\/index.php\/simulations-interactives\/\" target=\"_blank\">liste<\/a> <\/li>\n\n\n\n<li>Projet SWITCH : <a rel=\"noreferrer noopener\" href=\"https:\/\/nausikaa.net\/index.php\/switch-simuler-la-mobilite\/\" data-type=\"URL\" data-id=\"https:\/\/nausikaa.net\/index.php\/switch-simuler-la-mobilite\/\" target=\"_blank\">simuler la mobilit\u00e9<\/a><\/li>\n\n\n\n<li>Projet CovPrehension : <a rel=\"noreferrer noopener\" href=\"https:\/\/nausikaa.net\/index.php\/simulating-epidemics\/\" data-type=\"URL\" data-id=\"https:\/\/nausikaa.net\/index.php\/simulating-epidemics\/\" target=\"_blank\">simulation d&#8217;\u00e9pid\u00e9mies<\/a><\/li>\n\n\n\n<li>Mod\u00e8les artistiques : <a href=\"https:\/\/nausikaa.net\/index.php\/art\/\" data-type=\"URL\" data-id=\"https:\/\/nausikaa.net\/index.php\/art\/\" target=\"_blank\" rel=\"noreferrer noopener\">art<\/a><\/li>\n\n\n\n<li>Mod\u00e8les d&#8217;enseignement : <a href=\"https:\/\/nausikaa.net\/index.php\/category\/teaching\/\" data-type=\"link\" data-id=\"https:\/\/nausikaa.net\/index.php\/category\/teaching\/\" target=\"_blank\" rel=\"noreferrer noopener\">educ<\/a><\/li>\n\n\n\n<li>Plus d&#8217;infos sur <a rel=\"noreferrer noopener\" href=\"https:\/\/membres-lig.imag.fr\/cadam\" target=\"_blank\">mon site professionnel<\/a><\/li>\n<\/ul>\n<\/div>\n\n\n\n<div class=\"wp-block-column is-layout-flow wp-block-column-is-layout-flow\" style=\"flex-basis:33.33%\">\n<figure class=\"wp-block-image size-large is-style-rounded\"><img loading=\"lazy\" decoding=\"async\" width=\"1024\" height=\"1024\" src=\"https:\/\/nausikaa.net\/wp-content\/uploads\/2022\/04\/66310678-3421d608b39bb78218a74da6b5d3482b-1-1024x1024.jpg\" alt=\"\" class=\"wp-image-51\" srcset=\"https:\/\/nausikaa.net\/wp-content\/uploads\/2022\/04\/66310678-3421d608b39bb78218a74da6b5d3482b-1-1024x1024.jpg 1024w, https:\/\/nausikaa.net\/wp-content\/uploads\/2022\/04\/66310678-3421d608b39bb78218a74da6b5d3482b-1-300x300.jpg 300w, https:\/\/nausikaa.net\/wp-content\/uploads\/2022\/04\/66310678-3421d608b39bb78218a74da6b5d3482b-1-150x150.jpg 150w, https:\/\/nausikaa.net\/wp-content\/uploads\/2022\/04\/66310678-3421d608b39bb78218a74da6b5d3482b-1-768x768.jpg 768w, https:\/\/nausikaa.net\/wp-content\/uploads\/2022\/04\/66310678-3421d608b39bb78218a74da6b5d3482b-1-1536x1536.jpg 1536w, https:\/\/nausikaa.net\/wp-content\/uploads\/2022\/04\/66310678-3421d608b39bb78218a74da6b5d3482b-1.jpg 2048w\" sizes=\"auto, (max-width: 1024px) 100vw, 1024px\" \/><\/figure>\n<\/div>\n<\/div>\n\n\n\n<p><img loading=\"lazy\" decoding=\"async\" width=\"77\" height=\"39\" class=\"wp-image-289\" style=\"width: 77px;\" src=\"https:\/\/nausikaa.net\/wp-content\/uploads\/Flag-Oz.png\" alt=\"\"> Interactive simulators of social phenomena <a href=\"https:\/\/nausikaa.net\/index.php\/english-version\/\">in English<\/a> &#8211; related to my <a href=\"https:\/\/nausikaa.net\/index.php\/category\/teaching\/\" data-type=\"link\" data-id=\"https:\/\/nausikaa.net\/index.php\/category\/teaching\/\" target=\"_blank\" rel=\"noreferrer noopener\">courses<\/a><\/p>\n\n\n\n<p><\/p>\n","protected":false},"excerpt":{"rendered":"<p>Ce site h\u00e9berge divers simulateurs interactifs permettant d&#8217;exp\u00e9rimenter et de comprendre des ph\u00e9nom\u00e8nes sociaux vari\u00e9s. Interactive simulators of social phenomena in English &#8211; related to my courses<\/p>\n","protected":false},"author":1,"featured_media":0,"parent":0,"menu_order":0,"comment_status":"closed","ping_status":"closed","template":"","meta":{"footnotes":""},"class_list":["post-49","page","type-page","status-publish","hentry"],"_links":{"self":[{"href":"https:\/\/nausikaa.net\/index.php\/wp-json\/wp\/v2\/pages\/49","targetHints":{"allow":["GET"]}}],"collection":[{"href":"https:\/\/nausikaa.net\/index.php\/wp-json\/wp\/v2\/pages"}],"about":[{"href":"https:\/\/nausikaa.net\/index.php\/wp-json\/wp\/v2\/types\/page"}],"author":[{"embeddable":true,"href":"https:\/\/nausikaa.net\/index.php\/wp-json\/wp\/v2\/users\/1"}],"replies":[{"embeddable":true,"href":"https:\/\/nausikaa.net\/index.php\/wp-json\/wp\/v2\/comments?post=49"}],"version-history":[{"count":9,"href":"https:\/\/nausikaa.net\/index.php\/wp-json\/wp\/v2\/pages\/49\/revisions"}],"predecessor-version":[{"id":454,"href":"https:\/\/nausikaa.net\/index.php\/wp-json\/wp\/v2\/pages\/49\/revisions\/454"}],"wp:attachment":[{"href":"https:\/\/nausikaa.net\/index.php\/wp-json\/wp\/v2\/media?parent=49"}],"curies":[{"name":"wp","href":"https:\/\/api.w.org\/{rel}","templated":true}]}}