{"id":264,"date":"2023-02-20T11:51:51","date_gmt":"2023-02-20T10:51:51","guid":{"rendered":"https:\/\/nausikaa.net\/?page_id=264"},"modified":"2024-05-31T13:35:13","modified_gmt":"2024-05-31T11:35:13","slug":"switch-simuler-la-mobilite","status":"publish","type":"page","link":"https:\/\/nausikaa.net\/index.php\/switch-simuler-la-mobilite\/","title":{"rendered":"SWITCH &#8211; simuler la mobilit\u00e9"},"content":{"rendered":"\n<p>Le projet <a href=\"https:\/\/www6.inrae.fr\/switch\" data-type=\"URL\" data-id=\"https:\/\/www6.inrae.fr\/switch\" target=\"_blank\" rel=\"noreferrer noopener\">SWITCH<\/a> s&#8217;int\u00e9resse \u00e0 la simulation de la mobilit\u00e9 de demain.      <a href=\"https:\/\/nausikaa.net\/index.php\/switch-simulating-mobility\/\" data-type=\"URL\" data-id=\"https:\/\/nausikaa.net\/index.php\/switch-simulating-mobility\/\" target=\"_blank\" rel=\"noreferrer noopener\">In English<\/a> <\/p>\n\n\n<div class=\"wp-block-image\">\n<figure class=\"aligncenter size-large is-resized\"><img decoding=\"async\" src=\"https:\/\/www.i2m.u-bordeaux.fr\/var\/ezdemo_site\/storage\/images\/media\/i2m-institut-de-mecanique-et-d-ingenierie\/gce\/logo-anr-switch\/352585-1-fre-FR\/logo-anr-switch_Grande.png\" alt=\"\" style=\"width:173px;height:70px\"\/><figcaption class=\"wp-element-caption\">Projet ANR Switch<\/figcaption><\/figure>\n<\/div>\n\n\n<p>Cette page propose quelques simulateurs interactifs permettant de visualiser l&#8217;effet de divers biais cognitifs sur les choix de mobilit\u00e9.<\/p>\n\n\n\n<ul class=\"wp-block-list\">\n<li>Simulateur de report modal incluant habitudes et biais de perception : <a href=\"https:\/\/nausikaa.net\/index.php\/2024\/05\/28\/simulateur-de-choix-de-mobilite\/\" data-type=\"post\" data-id=\"426\">plus<\/a><\/li>\n\n\n\n<li>La pression sociale peut avoir un effet positif, plus on a de cyclistes parmi ses coll\u00e8gues, plus on est incit\u00e9 \u00e0 les imiter, \u00e0 la fois directement (influence sociale) et indirectement (l&#8217;entreprise s&#8217;adapte en d\u00e9veloppant des infrastructures pour les cyclistes) : <a href=\"https:\/\/nausikaa.net\/index.php\/2023\/02\/10\/pression-sociale\/\" data-type=\"URL\" data-id=\"https:\/\/nausikaa.net\/index.php\/2023\/02\/10\/pression-sociale\/\" target=\"_blank\" rel=\"noreferrer noopener\">plus<\/a><\/li>\n\n\n\n<li> Le biais de halo peut nous faire ignorer un aspect n\u00e9gatif de notre mode de mobilit\u00e9 pour \u00e9viter de devoir le remettre en question : <a href=\"https:\/\/nausikaa.net\/index.php\/2023\/01\/27\/biais-de-halo\/\" data-type=\"URL\" data-id=\"https:\/\/nausikaa.net\/index.php\/2023\/01\/27\/biais-de-halo\/\" target=\"_blank\" rel=\"noreferrer noopener\">plus<\/a><\/li>\n\n\n\n<li>Le biais de r\u00e9actance peut nous pousser \u00e0 affirmer notre libre-arbitre en faisant l&#8217;inverse de ce qu&#8217;on essaye de nous pousser \u00e0 faire : <a href=\"https:\/\/nausikaa.net\/index.php\/2022\/09\/07\/biais-de-reactance\/\" data-type=\"URL\" data-id=\"https:\/\/nausikaa.net\/index.php\/2022\/09\/07\/biais-de-reactance\/\" target=\"_blank\" rel=\"noreferrer noopener\">plus<\/a><\/li>\n\n\n\n<li>Les habitudes sont difficiles \u00e0 modifier en temps normal, et peuvent cr\u00e9er une inertie dans l&#8217;\u00e9volution des mobilit\u00e9s : <a href=\"https:\/\/nausikaa.net\/index.php\/2022\/04\/15\/habitudes-et-mobilite\/\" data-type=\"URL\" data-id=\"https:\/\/nausikaa.net\/index.php\/2022\/04\/15\/habitudes-et-mobilite\/\" target=\"_blank\" rel=\"noreferrer noopener\">plus<\/a><\/li>\n\n\n\n<li>Les automobilistes peuvent avoir l&#8217;impression que les infrastructures cyclables prennent trop de place, mais si tous les cyclistes \u00e9taient seuls en voiture, ce serait pire : <a href=\"https:\/\/nausikaa.net\/index.php\/2022\/11\/18\/velos-vs-voitures\/\" data-type=\"URL\" data-id=\"https:\/\/nausikaa.net\/index.php\/2022\/11\/18\/velos-vs-voitures\/\" target=\"_blank\" rel=\"noreferrer noopener\">plus<\/a><\/li>\n\n\n\n<li>La col\u00e8re au volant est contagieuse : <a href=\"https:\/\/nausikaa.net\/index.php\/2022\/04\/14\/colere-au-volant\/\" data-type=\"URL\" data-id=\"https:\/\/nausikaa.net\/index.php\/2022\/04\/14\/colere-au-volant\/\" target=\"_blank\" rel=\"noreferrer noopener\">plus<\/a><\/li>\n<\/ul>\n\n\n\n<p>Un article d\u00e9crivant certains de ces simulateurs : Adam, Carole. &#8220;Simulating the impact of cognitive biases on the mobility transition.&#8221;&nbsp;<em>arXiv preprint arXiv:2302.03554<\/em>&nbsp;(2023). <a href=\"https:\/\/arxiv.org\/abs\/2302.03554\">Lien<\/a><\/p>\n\n\n\n<p>Pour plus d&#8217;infos et toutes les publications, la page du projet : <a href=\"https:\/\/sites.google.com\/site\/caroleadamphd\/projects\/switch\" data-type=\"link\" data-id=\"https:\/\/sites.google.com\/site\/caroleadamphd\/projects\/switch\" target=\"_blank\" rel=\"noreferrer noopener\">SWITCH<\/a><\/p>\n","protected":false},"excerpt":{"rendered":"<p>Le projet SWITCH s&#8217;int\u00e9resse \u00e0 la simulation de la mobilit\u00e9 de demain. In English Cette page propose quelques simulateurs interactifs permettant de visualiser l&#8217;effet de divers biais cognitifs sur les choix de mobilit\u00e9. Un article d\u00e9crivant certains de ces simulateurs : Adam, Carole. &#8220;Simulating the impact of cognitive biases on the mobility transition.&#8221;&nbsp;arXiv preprint arXiv:2302.03554&nbsp;(2023). [&hellip;]<\/p>\n","protected":false},"author":1,"featured_media":0,"parent":0,"menu_order":0,"comment_status":"closed","ping_status":"closed","template":"","meta":{"footnotes":""},"class_list":["post-264","page","type-page","status-publish","hentry"],"_links":{"self":[{"href":"https:\/\/nausikaa.net\/index.php\/wp-json\/wp\/v2\/pages\/264","targetHints":{"allow":["GET"]}}],"collection":[{"href":"https:\/\/nausikaa.net\/index.php\/wp-json\/wp\/v2\/pages"}],"about":[{"href":"https:\/\/nausikaa.net\/index.php\/wp-json\/wp\/v2\/types\/page"}],"author":[{"embeddable":true,"href":"https:\/\/nausikaa.net\/index.php\/wp-json\/wp\/v2\/users\/1"}],"replies":[{"embeddable":true,"href":"https:\/\/nausikaa.net\/index.php\/wp-json\/wp\/v2\/comments?post=264"}],"version-history":[{"count":9,"href":"https:\/\/nausikaa.net\/index.php\/wp-json\/wp\/v2\/pages\/264\/revisions"}],"predecessor-version":[{"id":442,"href":"https:\/\/nausikaa.net\/index.php\/wp-json\/wp\/v2\/pages\/264\/revisions\/442"}],"wp:attachment":[{"href":"https:\/\/nausikaa.net\/index.php\/wp-json\/wp\/v2\/media?parent=264"}],"curies":[{"name":"wp","href":"https:\/\/api.w.org\/{rel}","templated":true}]}}